{"id":926,"date":"2022-11-11T13:36:13","date_gmt":"2022-11-11T18:36:13","guid":{"rendered":"https:\/\/systel-global.com\/colombia\/?page_id=926"},"modified":"2022-12-16T14:56:20","modified_gmt":"2022-12-16T19:56:20","slug":"politica-integrada","status":"publish","type":"page","link":"https:\/\/systel-global.com\/colombia\/politica-integrada\/","title":{"rendered":"Pol\u00edtica integrada"},"content":{"rendered":"\n<section class=\"wp-block-uagb-section uagb-section__wrap uagb-section__background-none uagb-block-96ba4695\"><div class=\"uagb-section__overlay\"><\/div><div class=\"uagb-section__inner-wrap\">\n<h4 class=\"has-text-align-left wp-block-heading\">POL\u00cdTICA <strong>INTEGRADA<\/strong> DE CALIDAD,<\/h4>\n\n\n\n<h4 class=\"has-text-align-left wp-block-heading\">SEGURIDAD, SALUD OCUPACIONAL y MEDIO AMBIENTE.<\/h4>\n\n\n\n<p class=\"has-text-align-left\">Basada en ISO 9001, ISO 14001 e ISO 45001.<\/p>\n\n\n\n<p>La Direcci\u00f3n de la empresa, al momento de establecer su estrategia global, y los principios de acci\u00f3n de la organizaci\u00f3n, en lo que concierne a la Calidad de sus productos, a la Seguridad y Salud de sus colaboradores, y a su comportamiento Medioambiental, declara como factores esenciales para alcanzar el \u00e9xito de Systel S.A., el cumplimiento de los objetivos, principios y compromisos que se detallan a continuaci\u00f3n, los cuales invita a fomentar y perseguir, con el fin de garantizar el liderazgo en los mercados en los que opera actualmente y a los que apunta a futuro:<\/p>\n\n\n\n<ul class=\"wp-block-list\">\n<li>Comprometerse a mantener un Sistema de Gesti\u00f3n Integrado de la Calidad, Medio Ambiente y SST, trabajando permanentemente en la Mejora Continua de sus Procesos.<\/li>\n\n\n\n<li>Mantener un alto nivel de innovaci\u00f3n en el desarrollo y la prestaci\u00f3n de sus servicios, dentro del marco de un sistema permanente de Mejora Continua, de forma tal que se incremente la satisfacci\u00f3n de los Clientes y se disminuyan, en la medida de lo posible, los impactos Medioambientales.<\/li>\n\n\n\n<li>La Mejora Continua es esencial para que Systel mantenga los niveles actuales de desempe\u00f1o, gestione los cambios de contexto, y cree nuevas oportunidades de negocio.<\/li>\n\n\n\n<li>Satisfacer las necesidades de nuestros Clientes y de las Partes Interesadas, en todo lo referente a la realizaci\u00f3n de nuestras actividades, y su posible repercusi\u00f3n Ambiental, as\u00ed como tambi\u00e9n garantizar la Salud y Seguridad de todos nuestros colaboradores. El \u00e9xito sostenido como organizaci\u00f3n es m\u00e1s probable con estas relaciones.<\/li>\n\n\n\n<li>Utilizaci\u00f3n del punto anterior, como marco para el establecimiento y revisi\u00f3n de Objetivos en<\/li>\n\n\n\n<li>materia de Calidad, Seguridad, Salud en el Trabajo y Medio Ambiente. El proceso de Revisi\u00f3n por la Direcci\u00f3n es el encargado de revisar el grado de cumplimiento de los Objetivos y su necesidad de adecuaci\u00f3n, seg\u00fan el contexto y dem\u00e1s factores internos.<\/li>\n\n\n\n<li>Ofrecer la vigilancia peri\u00f3dica del estado de salud a todos sus colaboradores, en funci\u00f3n de los riesgos inherentes a su puesto de trabajo, as\u00ed como proporcionar condiciones de trabajo seguras y saludables, para la prevenci\u00f3n de lesiones y deterioro de la salud relacionados con el trabajo.<\/li>\n\n\n\n<li>Comprometernos con la consulta y la participaci\u00f3n de los colaboradores en la empresa, en materia de Seguridad y Salud en el Trabajo.<\/li>\n\n\n\n<li>Garantizar el correcto estado de las instalaciones y el equipamiento adecuado, de forma tal, que est\u00e9n en correspondencia con la actividad y objetivos de la organizaci\u00f3n, garantizando de esta forma la eliminaci\u00f3n de los peligros y la reducci\u00f3n de los riesgos para la SST.<\/li>\n<\/ul>\n\n\n\n<ul class=\"wp-block-list\">\n<li>Trabajar sobre la reducci\u00f3n de consumo energ\u00e9tico, as\u00ed como en la reducci\u00f3n de residuos, comprometidos con los esfuerzos por limitar los efectos de la contaminaci\u00f3n.<\/li>\n\n\n\n<li>Racionalizar el consumo de los recursos naturales. El cuidado del Medio Ambiente y de los colaboradores, es un objetivo primordial para Systel S.A.<\/li>\n\n\n\n<li>Evaluar y garantizar la competencia t\u00e9cnica de los colaboradores, as\u00ed como estimular la motivaci\u00f3n adecuada de \u00e9stos, para su participaci\u00f3n en la Mejora Continua de los Procesos relevantes de la empresa, atendiendo a principios de la Calidad, Medio Ambientales, y de prevenci\u00f3n de riesgos y deterioros de la salud.<\/li>\n\n\n\n<li>Crear y mantener, en todos los niveles de la organizaci\u00f3n, el ambiente interno en el cual los colaboradores puedan llegar a involucrarse totalmente en el logro de los objetivos de Calidad, Medio Ambientales y de SST.<\/li>\n\n\n\n<li>Comprometer a los colaboradores de SYSTEL en la alineaci\u00f3n de sus acciones, comportamientos y actitudes con el SGI.<\/li>\n\n\n\n<li>Trabajar en el empoderamiento y el compromiso en toda la organizaci\u00f3n, con el fin de aumentar la capacidad de Systel, para generar y proporcionar valor.<\/li>\n<\/ul>\n\n\n\n<p>En Systel creemos en la relaci\u00f3n entre el desarrollo del talento y el \u00e9xito organizacional.<\/p>\n\n\n\n<p>En concordancia con esta declaraci\u00f3n de objetivos y principios, toda Systel asume el compromiso en cumplir los requisitos legales y otros requisitos aplicables de nuestros Clientes y Partes Interesadas pertinentes, como as\u00ed tambi\u00e9n, en trabajar diariamente en la Mejora Continua de nuestro Sistema de Gesti\u00f3n Integrado.<\/p>\n\n\n\n<p><br>Esta Pol\u00edtica Integrada de la Calidad, Medio Ambiente y SST es compartida por todos los colaboradores de Systel, siendo la Direcci\u00f3n, quien la revisa peri\u00f3dicamente para asegurar su continua adecuaci\u00f3n a los cambios de contexto.<\/p>\n<\/div><\/section>\n","protected":false},"excerpt":{"rendered":"","protected":false},"author":1,"featured_media":0,"parent":0,"menu_order":0,"comment_status":"closed","ping_status":"closed","template":"","meta":{"_acf_changed":false,"_uag_custom_page_level_css":"","footnotes":""},"class_list":["post-926","page","type-page","status-publish","hentry"],"acf":[],"uagb_featured_image_src":{"full":false,"thumbnail":false,"medium":false,"medium_large":false,"large":false,"1536x1536":false,"2048x2048":false},"uagb_author_info":{"display_name":"Systel Global","author_link":"https:\/\/systel-global.com\/colombia\/author\/marcelobato\/"},"uagb_comment_info":0,"uagb_excerpt":null,"_links":{"self":[{"href":"https:\/\/systel-global.com\/colombia\/wp-json\/wp\/v2\/pages\/926","targetHints":{"allow":["GET"]}}],"collection":[{"href":"https:\/\/systel-global.com\/colombia\/wp-json\/wp\/v2\/pages"}],"about":[{"href":"https:\/\/systel-global.com\/colombia\/wp-json\/wp\/v2\/types\/page"}],"author":[{"embeddable":true,"href":"https:\/\/systel-global.com\/colombia\/wp-json\/wp\/v2\/users\/1"}],"replies":[{"embeddable":true,"href":"https:\/\/systel-global.com\/colombia\/wp-json\/wp\/v2\/comments?post=926"}],"version-history":[{"count":3,"href":"https:\/\/systel-global.com\/colombia\/wp-json\/wp\/v2\/pages\/926\/revisions"}],"predecessor-version":[{"id":933,"href":"https:\/\/systel-global.com\/colombia\/wp-json\/wp\/v2\/pages\/926\/revisions\/933"}],"wp:attachment":[{"href":"https:\/\/systel-global.com\/colombia\/wp-json\/wp\/v2\/media?parent=926"}],"curies":[{"name":"wp","href":"https:\/\/api.w.org\/{rel}","templated":true}]}}